{"id":502,"date":"2018-03-07T14:32:08","date_gmt":"2018-03-07T14:32:08","guid":{"rendered":"http:\/\/straussplusconsulting.de\/?page_id=502"},"modified":"2024-02-07T16:40:54","modified_gmt":"2024-02-07T16:40:54","slug":"leadership-coaching","status":"publish","type":"page","link":"http:\/\/straussplusconsulting.de\/?page_id=502","title":{"rendered":"LEADERSHIP-COACHING"},"content":{"rendered":"<p><span style=\"color: #e8d064;\"><strong>leadership-coaching<\/strong><\/span><\/p>\n<p><span style=\"color: #003300;\">Menschen in F\u00fchrungspositionen stehen vor einzigartigen Herausforderungen, da sie nicht nur eine Gruppe oder einzelne Mitarbeiter leiten, sondern auch eine spezielle F\u00fchrungsverantwortung in ihrer eigenen Person tragen.<\/span><\/p>\n<p><span style=\"color: #003300;\">Im Leadership-Coaching werden die Konfliktfelder und belastenden Situationen dieses Kontextes aufgearbeitet, und es werden Strategien entwickelt, um diese zu l\u00f6sen.<\/span><\/p>\n<p><span style=\"color: #003300;\">Durch eine multidisziplin\u00e4re Perspektive &#8211; insbesondere \u00fcber den betriebswirtschaftlichen Rahmen von Unternehmensf\u00fchrung und Personalentwicklung hinaus &#8211; ist es m\u00f6glich, die Pers\u00f6nlichkeit zu st\u00e4rken und Konflikte zu l\u00f6sen, wenn ein klarer Wunsch nach Ver\u00e4nderung besteht. Intuitiv und analytisch gef\u00fchrte Einzelgespr\u00e4che k\u00f6nnen nach ihren Bed\u00fcrfnissen vereinbart werden und finden in meiner Coachingpraxis oder in ihren betrieblichen R\u00e4umen statt.<\/span><\/p>\n<p><span style=\"color: #003300;\">F\u00fcr einen Beratungstermin stehe ich Ihnen jederzeit gerne zur Verf\u00fcgung.<\/span><\/p>\n<p><span style=\"color: #003300;\">Die Kosten f\u00fcr Leadership-Sitzungen werden privat getragen, sofern der Arbeitgeber\/Betrieb die Rechnungen nicht ausgleicht, um seine Mitarbeiter und F\u00fchrungskr\u00e4fte zu unterst\u00fctzen.\u00a0<\/span><\/p>\n<p><span style=\"color: #003300;\">Alle Inhalte der Gespr\u00e4che w\u00e4hrend der Sitzungen unterliegen der Schweigepflicht und werden nicht mit zahlenden Arbeitgebern\/Auftraggebern geteilt. Die Coachings dienen in erster Linie dem Menschen und sollen seine Entwicklung f\u00f6rdern. Dies ist ein sekund\u00e4rer, aber nicht unwesentlicher Effekt\u00a0in jeder Personalentwicklungsstrategie und dient letztlich dem Unternehmen\/Organisation und dem Einzelnen. <\/span><\/p>\n<p><span style=\"color: #003300;\">Ich berate sie hierzu gern.\u00a0\u00a0<\/span><\/p>\n<p>&nbsp;<\/p>\n","protected":false},"excerpt":{"rendered":"<p>leadership-coaching Menschen in F\u00fchrungspositionen stehen vor einzigartigen Herausforderungen, da sie nicht nur eine Gruppe oder einzelne Mitarbeiter leiten, sondern auch eine spezielle F\u00fchrungsverantwortung in ihrer eigenen Person tragen. Im Leadership-Coaching werden die Konfliktfelder und belastenden Situationen dieses Kontextes aufgearbeitet, und es werden Strategien entwickelt, um diese zu l\u00f6sen. Durch eine multidisziplin\u00e4re Perspektive &#8211; insbesondere \u00fcber &hellip; <\/p>\n<p class=\"link-more\"><a href=\"http:\/\/straussplusconsulting.de\/?page_id=502\" class=\"more-link\"><span class=\"screen-reader-text\">\u201eLEADERSHIP-COACHING\u201c<\/span> weiterlesen<\/a><\/p>\n","protected":false},"author":1,"featured_media":0,"parent":0,"menu_order":0,"comment_status":"closed","ping_status":"closed","template":"","meta":{"footnotes":""},"_links":{"self":[{"href":"http:\/\/straussplusconsulting.de\/index.php?rest_route=\/wp\/v2\/pages\/502"}],"collection":[{"href":"http:\/\/straussplusconsulting.de\/index.php?rest_route=\/wp\/v2\/pages"}],"about":[{"href":"http:\/\/straussplusconsulting.de\/index.php?rest_route=\/wp\/v2\/types\/page"}],"author":[{"embeddable":true,"href":"http:\/\/straussplusconsulting.de\/index.php?rest_route=\/wp\/v2\/users\/1"}],"replies":[{"embeddable":true,"href":"http:\/\/straussplusconsulting.de\/index.php?rest_route=%2Fwp%2Fv2%2Fcomments&post=502"}],"version-history":[{"count":11,"href":"http:\/\/straussplusconsulting.de\/index.php?rest_route=\/wp\/v2\/pages\/502\/revisions"}],"predecessor-version":[{"id":992,"href":"http:\/\/straussplusconsulting.de\/index.php?rest_route=\/wp\/v2\/pages\/502\/revisions\/992"}],"wp:attachment":[{"href":"http:\/\/straussplusconsulting.de\/index.php?rest_route=%2Fwp%2Fv2%2Fmedia&parent=502"}],"curies":[{"name":"wp","href":"https:\/\/api.w.org\/{rel}","templated":true}]}}